{"id":63,"date":"2025-06-06T20:21:58","date_gmt":"2025-06-06T20:21:58","guid":{"rendered":"https:\/\/pomica.com.pe\/?page_id=63"},"modified":"2025-11-28T14:53:03","modified_gmt":"2025-11-28T14:53:03","slug":"inicio","status":"publish","type":"page","link":"https:\/\/pomica.com.pe\/","title":{"rendered":"POMICA PER\u00da S.A.C."},"content":{"rendered":"<p>La empresa se distingue por su compromiso con la calidad, implementando estrictos procesos de control en cada etapa de producci\u00f3n y log\u00edstica. Adem\u00e1s, se enfoca en la mejora continua para atender y satisfacer las exigencias de sus clientes, buscando construir relaciones comerciales a largo plazo.<\/p>\n","protected":false},"excerpt":{"rendered":"<p>La empresa se distingue por su compromiso con la calidad, implementando estrictos procesos de control en cada etapa de producci\u00f3n y log\u00edstica. Adem\u00e1s, se enfoca en la mejora continua para atender y satisfacer las exigencias&hellip;<\/p>\n","protected":false},"author":1,"featured_media":0,"parent":0,"menu_order":0,"comment_status":"closed","ping_status":"closed","template":"","meta":{"footnotes":""},"class_list":["post-63","page","type-page","status-publish","hentry"],"_links":{"self":[{"href":"https:\/\/pomica.com.pe\/index.php?rest_route=\/wp\/v2\/pages\/63","targetHints":{"allow":["GET"]}}],"collection":[{"href":"https:\/\/pomica.com.pe\/index.php?rest_route=\/wp\/v2\/pages"}],"about":[{"href":"https:\/\/pomica.com.pe\/index.php?rest_route=\/wp\/v2\/types\/page"}],"author":[{"embeddable":true,"href":"https:\/\/pomica.com.pe\/index.php?rest_route=\/wp\/v2\/users\/1"}],"replies":[{"embeddable":true,"href":"https:\/\/pomica.com.pe\/index.php?rest_route=%2Fwp%2Fv2%2Fcomments&post=63"}],"version-history":[{"count":6,"href":"https:\/\/pomica.com.pe\/index.php?rest_route=\/wp\/v2\/pages\/63\/revisions"}],"predecessor-version":[{"id":80,"href":"https:\/\/pomica.com.pe\/index.php?rest_route=\/wp\/v2\/pages\/63\/revisions\/80"}],"wp:attachment":[{"href":"https:\/\/pomica.com.pe\/index.php?rest_route=%2Fwp%2Fv2%2Fmedia&parent=63"}],"curies":[{"name":"wp","href":"https:\/\/api.w.org\/{rel}","templated":true}]}}